{"id":202,"date":"2025-10-14T08:26:05","date_gmt":"2025-10-14T08:26:05","guid":{"rendered":"https:\/\/culturesfertiles.com\/?page_id=202"},"modified":"2026-04-06T14:42:30","modified_gmt":"2026-04-06T14:42:30","slug":"agir-sur-le-corps","status":"publish","type":"page","link":"https:\/\/culturesfertiles.com\/?page_id=202","title":{"rendered":"Agir sur le corps"},"content":{"rendered":"\n<div class=\"wp-block-group alignfull has-global-padding is-layout-constrained wp-container-core-group-is-layout-669513ed wp-block-group-is-layout-constrained\" style=\"margin-top:0;margin-bottom:0;padding-top:var(--wp--preset--spacing--50);padding-right:var(--wp--preset--spacing--50);padding-bottom:var(--wp--preset--spacing--50);padding-left:var(--wp--preset--spacing--50)\">\n<div class=\"wp-block-group is-vertical is-content-justification-center is-layout-flex wp-container-core-group-is-layout-ce155fab wp-block-group-is-layout-flex\">\n<h3 class=\"wp-block-heading has-text-align-center has-large-font-size\">Les th\u00e9rapeutes que j&rsquo;appr\u00e9cie<\/h3>\n\n\n\n<p class=\"has-text-align-center\">Nous avons parl\u00e9 des th\u00e9rapeutes que j&rsquo;appr\u00e9cie pour leurs diff\u00e9rentes m\u00e9thodes. Pour la plupart, j&rsquo;ai fait des saisons, c&rsquo;est \u00e0 dire plusieurs s\u00e9ance avec eux. D&rsquo;autres, on me les a conseill\u00e9s<\/p>\n<\/div>\n\n\n\n<div style=\"height:var(--wp--preset--spacing--30)\" aria-hidden=\"true\" class=\"wp-block-spacer\"><\/div>\n\n\n\n<div class=\"wp-block-columns alignwide is-layout-flex wp-container-core-columns-is-layout-4935966c wp-block-columns-is-layout-flex\" style=\"padding-right:0;padding-left:0\">\n<div class=\"wp-block-column is-layout-flow wp-block-column-is-layout-flow\">\n\n\n<div class=\"wp-block-group is-vertical is-content-justification-center is-nowrap is-layout-flex wp-container-core-group-is-layout-21d4e958 wp-block-group-is-layout-flex\">\n<p class=\"has-text-align-center has-small-font-size\"><strong>Isabelle JEVODAN<\/strong><\/p>\n\n\n\n<p class=\"has-text-align-center has-small-font-size\">06 83 90 26 25<\/p>\n\n\n\n<p>Ost\u00e9opathe<\/p>\n\n\n\n<p class=\"has-text-align-center\">Elle a permis \u00e0 mon corps de sortir de l&rsquo;\u00e9tat de survie, pour passer au calme, puis vivre normalement, et accueillir les choses avec s\u00e9r\u00e9nit\u00e9. Le patient est habill\u00e9. Elle d\u00e9bloque le corps en ost\u00e9o, puis elle interroge le corps par test musculaire de kin\u00e9siologie pour lui permettre d&rsquo;\u00e9voluer. J&rsquo;en suis \u00e0 2 ans avec elle an avril 2026.<\/p>\n<\/div>\n<\/div>\n\n\n\n<div class=\"wp-block-column is-layout-flow wp-block-column-is-layout-flow\">\n\n\n<div class=\"wp-block-group is-vertical is-content-justification-center is-nowrap is-layout-flex wp-container-core-group-is-layout-63bfd6c1 wp-block-group-is-layout-flex\">\n<p class=\"has-text-align-center has-small-font-size\"><strong>Corine CABOUX<\/strong><\/p>\n\n\n\n<p class=\"has-text-align-center has-small-font-size\">06 95 10 25 24<\/p>\n\n\n\n<p>Kin\u00e9siologue<\/p>\n\n\n\n<p class=\"has-text-align-center\">Elle travaille uniquement en \u00e9nerg\u00e9tique, c&rsquo;est \u00e0 dire qu&rsquo;elle ne touche jamais le corps. En pr\u00e9sentiel ou a distance. Elle a travaill\u00e9 sur les m\u00e9moires transg\u00e9n\u00e9rationnelles, et des maladies physiques, mais aussi des blocages que j&rsquo;avais dans la vie. Elle utilise l&rsquo;antenne de Lecher pour capter en \u00e9nerg\u00e9tique. J&rsquo;en suis \u00e0 3 ans avec elle en avril 2026.<\/p>\n<\/div>\n<\/div>\n\n\n\n<div class=\"wp-block-column is-layout-flow wp-block-column-is-layout-flow\">\n\n\n<div class=\"wp-block-group is-vertical is-content-justification-center is-nowrap is-layout-flex wp-container-core-group-is-layout-63bfd6c1 wp-block-group-is-layout-flex\">\n<p class=\"has-text-align-center has-small-font-size\"><strong>Anna RICHAUD<\/strong><\/p>\n\n\n\n<p class=\"has-text-align-center has-small-font-size\">06.20.53.56.14<\/p>\n\n\n\n<p>Digitopuncture Shiatsu<\/p>\n\n\n\n<p class=\"has-text-align-center\">Elle a une m\u00e9thode Aminci Energie qui accompagne le corps \u00e0 se drainer, \u00e0 souffler, et lib\u00e9rer du poids. Je n&rsquo;ai pas directement essay\u00e9 avec elle, mais je lui confie mes neveux pour les massages assis habill\u00e9s. <\/p>\n<\/div>\n<\/div>\n\n\n\n<div class=\"wp-block-column is-layout-flow wp-block-column-is-layout-flow\">\n\n\n<div class=\"wp-block-group is-vertical is-content-justification-center is-nowrap is-layout-flex wp-container-core-group-is-layout-21d4e958 wp-block-group-is-layout-flex\">\n<p class=\"has-text-align-center has-small-font-size\"><strong>Perrine TERRASSE<\/strong><\/p>\n\n\n\n<p class=\"has-text-align-center has-small-font-size\">06 87 38 73 92 <\/p>\n\n\n\n<p>Nutritionniste Fasciatherapeuthe <\/p>\n\n\n\n<p class=\"has-text-align-center\">Au dela de la nutrition, elle encourage les prises de sangs permettant de faire un bilan sant\u00e9 plus approfondi que les classiques des m\u00e9decins. Elle oriente vers une nutrition en fonction des besoins de chaque individu. Sp\u00e9cialiste endom\u00e9triose.  <\/p>\n<\/div>\n<\/div>\n<\/div>\n<\/div>\n\n\n\n<div class=\"wp-block-group alignfull has-global-padding is-layout-constrained wp-container-core-group-is-layout-d89aad35 wp-block-group-is-layout-constrained\" style=\"margin-top:0;margin-bottom:0;padding-top:var(--wp--preset--spacing--50);padding-right:var(--wp--preset--spacing--50);padding-bottom:var(--wp--preset--spacing--50);padding-left:var(--wp--preset--spacing--50)\">\n<div class=\"wp-block-columns alignwide are-vertically-aligned-center is-layout-flex wp-container-core-columns-is-layout-47c06fe3 wp-block-columns-is-layout-flex\">\n<div class=\"wp-block-column is-vertically-aligned-center is-layout-flow wp-block-column-is-layout-flow\" style=\"flex-basis:50%\">\n<h2 class=\"wp-block-heading\">La mise \u00e0 la terre du corps<\/h2>\n\n\n\n<ul style=\"line-height:1.75\" class=\"wp-block-list is-style-checkmark-list\">\n<li>Notre corps humain produit de l&rsquo;\u00e9lectricit\u00e9.<\/li>\n\n\n\n<li>La terre vibre, vit, gr\u00e2ce \u00e0 l&rsquo;\u00e9lectricit\u00e9 tellurique.<\/li>\n\n\n\n<li>Le corps humain peut dormir connect\u00e9 \u00e0 la terre gr\u00e2ce aux taies d&rsquo;oreiller et draps.<\/li>\n<\/ul>\n\n\n\n<div class=\"wp-block-buttons is-layout-flex wp-block-buttons-is-layout-flex\">\n<div class=\"wp-block-button\"><a class=\"wp-block-button__link has-medium-font-size has-custom-font-size wp-element-button\">Acheter la taie<\/a><\/div>\n\n\n\n<div class=\"wp-block-button is-style-outline is-style-outline--5\"><a class=\"wp-block-button__link has-medium-font-size has-custom-font-size wp-element-button\">En savoir plus<\/a><\/div>\n<\/div>\n<\/div>\n\n\n\n<div class=\"wp-block-column is-vertically-aligned-center is-layout-flow wp-block-column-is-layout-flow\" style=\"flex-basis:50%\">\n<figure class=\"wp-block-image size-full is-style-rounded is-style-rounded--6\"><img loading=\"lazy\" decoding=\"async\" width=\"940\" height=\"788\" src=\"https:\/\/culturesfertiles.com\/wp-content\/uploads\/2025\/10\/Cultures-Fertiles-4.png\" alt=\"\" class=\"wp-image-230\" style=\"aspect-ratio:4\/3;object-fit:cover\" srcset=\"https:\/\/culturesfertiles.com\/wp-content\/uploads\/2025\/10\/Cultures-Fertiles-4.png 940w, https:\/\/culturesfertiles.com\/wp-content\/uploads\/2025\/10\/Cultures-Fertiles-4-300x251.png 300w, https:\/\/culturesfertiles.com\/wp-content\/uploads\/2025\/10\/Cultures-Fertiles-4-768x644.png 768w\" sizes=\"auto, (max-width: 940px) 100vw, 940px\" \/><\/figure>\n<\/div>\n<\/div>\n<\/div>\n","protected":false},"excerpt":{"rendered":"<p>Les th\u00e9rapeutes que j&rsquo;appr\u00e9cie Nous avons parl\u00e9 des th\u00e9rapeutes que j&rsquo;appr\u00e9cie pour leurs diff\u00e9rentes m\u00e9thodes. Pour la plupart, j&rsquo;ai fait des saisons, c&rsquo;est \u00e0 dire plusieurs s\u00e9ance avec eux. D&rsquo;autres, on me les a conseill\u00e9s Isabelle JEVODAN 06 83 90 26 25 Ost\u00e9opathe Elle a permis \u00e0 mon corps de sortir de l&rsquo;\u00e9tat de survie, [&hellip;]<\/p>\n","protected":false},"author":1,"featured_media":0,"parent":0,"menu_order":0,"comment_status":"closed","ping_status":"closed","template":"","meta":{"footnotes":""},"class_list":["post-202","page","type-page","status-publish","hentry"],"_links":{"self":[{"href":"https:\/\/culturesfertiles.com\/index.php?rest_route=\/wp\/v2\/pages\/202","targetHints":{"allow":["GET"]}}],"collection":[{"href":"https:\/\/culturesfertiles.com\/index.php?rest_route=\/wp\/v2\/pages"}],"about":[{"href":"https:\/\/culturesfertiles.com\/index.php?rest_route=\/wp\/v2\/types\/page"}],"author":[{"embeddable":true,"href":"https:\/\/culturesfertiles.com\/index.php?rest_route=\/wp\/v2\/users\/1"}],"replies":[{"embeddable":true,"href":"https:\/\/culturesfertiles.com\/index.php?rest_route=%2Fwp%2Fv2%2Fcomments&post=202"}],"version-history":[{"count":17,"href":"https:\/\/culturesfertiles.com\/index.php?rest_route=\/wp\/v2\/pages\/202\/revisions"}],"predecessor-version":[{"id":317,"href":"https:\/\/culturesfertiles.com\/index.php?rest_route=\/wp\/v2\/pages\/202\/revisions\/317"}],"wp:attachment":[{"href":"https:\/\/culturesfertiles.com\/index.php?rest_route=%2Fwp%2Fv2%2Fmedia&parent=202"}],"curies":[{"name":"wp","href":"https:\/\/api.w.org\/{rel}","templated":true}]}}